{"id":116,"date":"2020-10-23T00:00:00","date_gmt":"2020-10-22T22:00:00","guid":{"rendered":"http:\/\/51.38.238.108\/?page_id=116"},"modified":"2020-12-18T13:17:37","modified_gmt":"2020-12-18T12:17:37","slug":"accueil","status":"publish","type":"page","link":"https:\/\/www.bousquelfreres.fr\/","title":{"rendered":"Accueil"},"content":{"rendered":"\n<div class=\"wp-block-cover alignwide has-background-dim-30 has-background-dim\" style=\"background-image:url(https:\/\/www.bousquelfreres.fr\/wp-content\/uploads\/2020\/11\/Photo-page-ouverture-site.jpg.png);min-height:611px;background-position:50% 0%\"><div class=\"wp-block-cover__inner-container\">\n<p class=\"has-text-align-center\" style=\"font-size:80px\">Bienvenue<\/p>\n<\/div><\/div>\n\n\n\n<p><\/p>\n\n\n\n<p>Notre \u00e9quipe vous accompagne dans vos projets. <\/p>\n\n\n\n<p>Forts d\u2019une exp\u00e9rience acquise depuis plus de 35 ans dans le domaine du b\u00e2timent, nous vous proposons des solutions adapt\u00e9es \u00e0 vos projets, personnels ou professionnels.<\/p>\n\n\n\n<p>La SARL BOUSQUEL Fr\u00e8res est une entreprise familiale cr\u00e9\u00e9e en 1999, qui met \u00e0 votre service ses comp\u00e9tences pour r\u00e9aliser des travaux de charpente, couverture, zinguerie pour tous types de b\u00e2timents&nbsp;: neufs ou r\u00e9novations.<\/p>\n\n\n\n<p>Nous avons \u00e9t\u00e9 form\u00e9s par la f\u00e9d\u00e9ration des compagnons du devoirs de Toulouse dans les domaines de la charpente, couverture et zinguerie, avec obtention de dipl\u00f4mes reconnus. Depuis 2014, nous formons dans cet \u00e9tat d\u2019esprit la nouvelle g\u00e9n\u00e9ration, permettant ainsi la transmission du savoir-faire.<\/p>\n\n\n\n<p>En qualit\u00e9 d\u2019Artisans, nous mettons toutes nos comp\u00e9tences, notre savoir-faire et s\u00e9rieux dans la r\u00e9alisation et le suivi des travaux qui nous sont confi\u00e9s.<\/p>\n\n\n\n<p><\/p>\n\n\n\n<p>Nous vous assurons de la garantie d\u00e9cennale pour votre chantier.<\/p>\n\n\n\n<p>L\u2019entreprise est certifi\u00e9e RGE \u2013 Qualibat 2020.<\/p>\n\n\n\n<div class=\"wp-block-group\"><div class=\"wp-block-group__inner-container\">\n<div class=\"wp-block-columns\">\n<div class=\"wp-block-column\">\n<h5>Formations par :<\/h5>\n\n\n\n<figure class=\"wp-block-image size-large is-resized\"><img loading=\"lazy\" src=\"http:\/\/51.38.238.108\/wp-content\/uploads\/2020\/11\/logo-fede-compagnon-devoirs-Toulouse-1024x1024.png\" alt=\"logo fede compagnon devoirs Toulouse\" class=\"wp-image-260\" width=\"204\" height=\"204\" srcset=\"https:\/\/www.bousquelfreres.fr\/wp-content\/uploads\/2020\/11\/logo-fede-compagnon-devoirs-Toulouse-1024x1024.png 1024w, https:\/\/www.bousquelfreres.fr\/wp-content\/uploads\/2020\/11\/logo-fede-compagnon-devoirs-Toulouse-300x300.png 300w, https:\/\/www.bousquelfreres.fr\/wp-content\/uploads\/2020\/11\/logo-fede-compagnon-devoirs-Toulouse-150x150.png 150w, https:\/\/www.bousquelfreres.fr\/wp-content\/uploads\/2020\/11\/logo-fede-compagnon-devoirs-Toulouse-768x768.png 768w, https:\/\/www.bousquelfreres.fr\/wp-content\/uploads\/2020\/11\/logo-fede-compagnon-devoirs-Toulouse.png 1320w\" sizes=\"(max-width: 204px) 100vw, 204px\" \/><\/figure>\n<\/div>\n\n\n\n<div class=\"wp-block-column\">\n<h5><\/h5>\n\n\n\n<figure class=\"wp-block-image size-large is-resized\"><img loading=\"lazy\" src=\"https:\/\/www.bousquelfreres.fr\/wp-content\/uploads\/2020\/11\/garantie-decennale.png\" alt=\"garantie decennale\" width=\"186\" height=\"198\"\/><\/figure>\n<\/div>\n\n\n\n<div class=\"wp-block-column\">\n<h5><\/h5>\n\n\n\n<figure class=\"wp-block-image size-large\"><img src=\"https:\/\/www.bousquelfreres.fr\/wp-content\/uploads\/2020\/11\/RGE-qualibat.jpg\" alt=\"RGE qualibat\"\/><\/figure>\n<\/div>\n<\/div>\n<\/div><\/div>\n","protected":false},"excerpt":{"rendered":"<p>Notre \u00e9quipe vous accompagne dans vos projets. Forts d\u2019une exp\u00e9rience acquise depuis plus de 35 ans dans le domaine du b\u00e2timent, nous vous proposons des&hellip;<\/p>\n","protected":false},"author":1,"featured_media":0,"parent":0,"menu_order":0,"comment_status":"closed","ping_status":"closed","template":"","meta":[],"_links":{"self":[{"href":"https:\/\/www.bousquelfreres.fr\/index.php?rest_route=\/wp\/v2\/pages\/116"}],"collection":[{"href":"https:\/\/www.bousquelfreres.fr\/index.php?rest_route=\/wp\/v2\/pages"}],"about":[{"href":"https:\/\/www.bousquelfreres.fr\/index.php?rest_route=\/wp\/v2\/types\/page"}],"author":[{"embeddable":true,"href":"https:\/\/www.bousquelfreres.fr\/index.php?rest_route=\/wp\/v2\/users\/1"}],"replies":[{"embeddable":true,"href":"https:\/\/www.bousquelfreres.fr\/index.php?rest_route=%2Fwp%2Fv2%2Fcomments&post=116"}],"version-history":[{"count":28,"href":"https:\/\/www.bousquelfreres.fr\/index.php?rest_route=\/wp\/v2\/pages\/116\/revisions"}],"predecessor-version":[{"id":324,"href":"https:\/\/www.bousquelfreres.fr\/index.php?rest_route=\/wp\/v2\/pages\/116\/revisions\/324"}],"wp:attachment":[{"href":"https:\/\/www.bousquelfreres.fr\/index.php?rest_route=%2Fwp%2Fv2%2Fmedia&parent=116"}],"curies":[{"name":"wp","href":"https:\/\/api.w.org\/{rel}","templated":true}]}}