{"id":144,"date":"2020-10-23T19:43:09","date_gmt":"2020-10-23T17:43:09","guid":{"rendered":"http:\/\/51.38.238.108\/?page_id=144"},"modified":"2020-12-04T14:23:18","modified_gmt":"2020-12-04T13:23:18","slug":"categorie-2-toiture","status":"publish","type":"page","link":"https:\/\/www.bousquelfreres.fr\/?page_id=144","title":{"rendered":"Couverture"},"content":{"rendered":"\n<h2>Couverture Tuiles terre cuite<\/h2>\n\n\n\n<figure class=\"wp-block-gallery alignwide columns-3 is-cropped\"><ul class=\"blocks-gallery-grid\"><li class=\"blocks-gallery-item\"><figure><img loading=\"lazy\" width=\"1024\" height=\"768\" src=\"http:\/\/51.38.238.108\/wp-content\/uploads\/2020\/11\/1-Couverture-Tuiles-terre-cuite-Edilians-couleur-Paysage.jpg-1024x768.png\" alt=\"1 Couverture Tuiles terre cuite Edilians couleur Paysage\" data-id=\"220\" data-full-url=\"http:\/\/51.38.238.108\/wp-content\/uploads\/2020\/11\/1-Couverture-Tuiles-terre-cuite-Edilians-couleur-Paysage.jpg.png\" data-link=\"http:\/\/51.38.238.108\/?attachment_id=220\" class=\"wp-image-220\" srcset=\"https:\/\/www.bousquelfreres.fr\/wp-content\/uploads\/2020\/11\/1-Couverture-Tuiles-terre-cuite-Edilians-couleur-Paysage.jpg-1024x768.png 1024w, https:\/\/www.bousquelfreres.fr\/wp-content\/uploads\/2020\/11\/1-Couverture-Tuiles-terre-cuite-Edilians-couleur-Paysage.jpg-300x225.png 300w, https:\/\/www.bousquelfreres.fr\/wp-content\/uploads\/2020\/11\/1-Couverture-Tuiles-terre-cuite-Edilians-couleur-Paysage.jpg-768x576.png 768w, https:\/\/www.bousquelfreres.fr\/wp-content\/uploads\/2020\/11\/1-Couverture-Tuiles-terre-cuite-Edilians-couleur-Paysage.jpg.png 1280w\" sizes=\"(max-width: 1024px) 100vw, 1024px\" \/><figcaption class=\"blocks-gallery-item__caption\">Couverture &#8211; Tuiles terre cuite Edilians couleur Paysage<\/figcaption><\/figure><\/li><li class=\"blocks-gallery-item\"><figure><img loading=\"lazy\" width=\"720\" height=\"960\" src=\"http:\/\/51.38.238.108\/wp-content\/uploads\/2020\/11\/3-Couverture-Tuiles-Terre-cuite-PV-10.JPG.png\" alt=\"3 Couverture Tuiles Terre cuite PV 10\" data-id=\"221\" data-full-url=\"http:\/\/51.38.238.108\/wp-content\/uploads\/2020\/11\/3-Couverture-Tuiles-Terre-cuite-PV-10.JPG.png\" data-link=\"http:\/\/51.38.238.108\/?attachment_id=221\" class=\"wp-image-221\" srcset=\"https:\/\/www.bousquelfreres.fr\/wp-content\/uploads\/2020\/11\/3-Couverture-Tuiles-Terre-cuite-PV-10.JPG.png 720w, https:\/\/www.bousquelfreres.fr\/wp-content\/uploads\/2020\/11\/3-Couverture-Tuiles-Terre-cuite-PV-10.JPG-225x300.png 225w\" sizes=\"(max-width: 720px) 100vw, 720px\" \/><figcaption class=\"blocks-gallery-item__caption\"> Couverture &#8211; Tuiles Terre cuite PV 10<\/figcaption><\/figure><\/li><li class=\"blocks-gallery-item\"><figure><img loading=\"lazy\" width=\"1024\" height=\"768\" src=\"http:\/\/51.38.238.108\/wp-content\/uploads\/2020\/11\/4-couverture-Tuiles-terre-cuite-Mediane-tradition.jpg-1024x768.png\" alt=\"4 couverture Tuiles terre cuite M\u00e9diane tradition\" data-id=\"222\" data-full-url=\"http:\/\/51.38.238.108\/wp-content\/uploads\/2020\/11\/4-couverture-Tuiles-terre-cuite-Mediane-tradition.jpg.png\" data-link=\"http:\/\/51.38.238.108\/?attachment_id=222\" class=\"wp-image-222\" srcset=\"https:\/\/www.bousquelfreres.fr\/wp-content\/uploads\/2020\/11\/4-couverture-Tuiles-terre-cuite-Mediane-tradition.jpg-1024x768.png 1024w, https:\/\/www.bousquelfreres.fr\/wp-content\/uploads\/2020\/11\/4-couverture-Tuiles-terre-cuite-Mediane-tradition.jpg-300x225.png 300w, https:\/\/www.bousquelfreres.fr\/wp-content\/uploads\/2020\/11\/4-couverture-Tuiles-terre-cuite-Mediane-tradition.jpg-768x576.png 768w, https:\/\/www.bousquelfreres.fr\/wp-content\/uploads\/2020\/11\/4-couverture-Tuiles-terre-cuite-Mediane-tradition.jpg.png 1280w\" sizes=\"(max-width: 1024px) 100vw, 1024px\" \/><figcaption class=\"blocks-gallery-item__caption\"> couverture &#8211; Tuiles terre cuite M\u00e9diane tradition<\/figcaption><\/figure><\/li><li class=\"blocks-gallery-item\"><figure><img loading=\"lazy\" width=\"720\" height=\"960\" src=\"http:\/\/51.38.238.108\/wp-content\/uploads\/2020\/11\/5-couverture-tuiles-terre-cuite-Canals-Tuiles-canals-a-talons-avec-couverts-de-recuperation-crochetes.jpg.png\" alt=\"5 couverture tuiles terre cuite Canals - Tuiles canals \u00e0 talons avec couverts de r\u00e9cup\u00e9ration crochet\u00e9s\" data-id=\"223\" data-full-url=\"http:\/\/51.38.238.108\/wp-content\/uploads\/2020\/11\/5-couverture-tuiles-terre-cuite-Canals-Tuiles-canals-a-talons-avec-couverts-de-recuperation-crochetes.jpg.png\" data-link=\"http:\/\/51.38.238.108\/?attachment_id=223\" class=\"wp-image-223\" srcset=\"https:\/\/www.bousquelfreres.fr\/wp-content\/uploads\/2020\/11\/5-couverture-tuiles-terre-cuite-Canals-Tuiles-canals-a-talons-avec-couverts-de-recuperation-crochetes.jpg.png 720w, https:\/\/www.bousquelfreres.fr\/wp-content\/uploads\/2020\/11\/5-couverture-tuiles-terre-cuite-Canals-Tuiles-canals-a-talons-avec-couverts-de-recuperation-crochetes.jpg-225x300.png 225w\" sizes=\"(max-width: 720px) 100vw, 720px\" \/><figcaption class=\"blocks-gallery-item__caption\">Couverture tuiles terre cuite Canals &#8211; Tuiles canals \u00e0 talons avec couverts de r\u00e9cup\u00e9ration crochet\u00e9s<\/figcaption><\/figure><\/li><li class=\"blocks-gallery-item\"><figure><img loading=\"lazy\" width=\"1024\" height=\"768\" src=\"http:\/\/51.38.238.108\/wp-content\/uploads\/2020\/11\/6-Depose-de-tuiles-canals-AVANT-Ancienne-couverture.jpg-1024x768.png\" alt=\"6 D\u00e9pose de tuiles canals - AVANT Ancienne couverture\" data-id=\"224\" data-full-url=\"http:\/\/51.38.238.108\/wp-content\/uploads\/2020\/11\/6-Depose-de-tuiles-canals-AVANT-Ancienne-couverture.jpg.png\" data-link=\"http:\/\/51.38.238.108\/?attachment_id=224\" class=\"wp-image-224\" srcset=\"https:\/\/www.bousquelfreres.fr\/wp-content\/uploads\/2020\/11\/6-Depose-de-tuiles-canals-AVANT-Ancienne-couverture.jpg-1024x768.png 1024w, https:\/\/www.bousquelfreres.fr\/wp-content\/uploads\/2020\/11\/6-Depose-de-tuiles-canals-AVANT-Ancienne-couverture.jpg-300x225.png 300w, https:\/\/www.bousquelfreres.fr\/wp-content\/uploads\/2020\/11\/6-Depose-de-tuiles-canals-AVANT-Ancienne-couverture.jpg-768x576.png 768w, https:\/\/www.bousquelfreres.fr\/wp-content\/uploads\/2020\/11\/6-Depose-de-tuiles-canals-AVANT-Ancienne-couverture.jpg.png 1280w\" sizes=\"(max-width: 1024px) 100vw, 1024px\" \/><figcaption class=\"blocks-gallery-item__caption\">Couverture &#8211; D\u00e9pose de tuiles canals &#8211; AVANT Ancienne couverture<\/figcaption><\/figure><\/li><li class=\"blocks-gallery-item\"><figure><img loading=\"lazy\" width=\"1024\" height=\"768\" src=\"http:\/\/51.38.238.108\/wp-content\/uploads\/2020\/11\/7-Couverture-Realisat\u00b0calage-Liteaux-pour-remise-a-niveau-de-lancienne-toiture-pour-un-aspect-neuf-ainsi-quun-appui-parfait-des-tuiles-sur-lilteaux.jpg-1024x768.png\" alt=\"7 Couverture R\u00e9alisat\u00b0calage Liteaux pour remise \u00e0 niveau de l'ancienne toiture pour un aspect neuf ainsi qu'un appui parfait des tuiles sur lilteaux\" data-id=\"225\" data-full-url=\"http:\/\/51.38.238.108\/wp-content\/uploads\/2020\/11\/7-Couverture-Realisat\u00b0calage-Liteaux-pour-remise-a-niveau-de-lancienne-toiture-pour-un-aspect-neuf-ainsi-quun-appui-parfait-des-tuiles-sur-lilteaux.jpg.png\" data-link=\"http:\/\/51.38.238.108\/?attachment_id=225\" class=\"wp-image-225\" srcset=\"https:\/\/www.bousquelfreres.fr\/wp-content\/uploads\/2020\/11\/7-Couverture-Realisat\u00b0calage-Liteaux-pour-remise-a-niveau-de-lancienne-toiture-pour-un-aspect-neuf-ainsi-quun-appui-parfait-des-tuiles-sur-lilteaux.jpg-1024x768.png 1024w, https:\/\/www.bousquelfreres.fr\/wp-content\/uploads\/2020\/11\/7-Couverture-Realisat\u00b0calage-Liteaux-pour-remise-a-niveau-de-lancienne-toiture-pour-un-aspect-neuf-ainsi-quun-appui-parfait-des-tuiles-sur-lilteaux.jpg-300x225.png 300w, https:\/\/www.bousquelfreres.fr\/wp-content\/uploads\/2020\/11\/7-Couverture-Realisat\u00b0calage-Liteaux-pour-remise-a-niveau-de-lancienne-toiture-pour-un-aspect-neuf-ainsi-quun-appui-parfait-des-tuiles-sur-lilteaux.jpg-768x576.png 768w, https:\/\/www.bousquelfreres.fr\/wp-content\/uploads\/2020\/11\/7-Couverture-Realisat\u00b0calage-Liteaux-pour-remise-a-niveau-de-lancienne-toiture-pour-un-aspect-neuf-ainsi-quun-appui-parfait-des-tuiles-sur-lilteaux.jpg.png 1280w\" sizes=\"(max-width: 1024px) 100vw, 1024px\" \/><figcaption class=\"blocks-gallery-item__caption\">Couverture &#8211; R\u00e9alisation calage Liteaux pour remise \u00e0 niveau de l&rsquo;ancienne toiture pour un aspect neuf ainsi qu&rsquo;un appui parfait des tuiles sur liteaux<\/figcaption><\/figure><\/li><li class=\"blocks-gallery-item\"><figure><img loading=\"lazy\" width=\"1024\" height=\"768\" src=\"http:\/\/51.38.238.108\/wp-content\/uploads\/2020\/11\/8-Couverture-Tuiles-Terre-cuite-Plein-Sud-APRES.jpg-1024x768.png\" alt=\"8 Couverture Tuiles Terre cuite Plein Sud - APRES\" data-id=\"226\" data-full-url=\"http:\/\/51.38.238.108\/wp-content\/uploads\/2020\/11\/8-Couverture-Tuiles-Terre-cuite-Plein-Sud-APRES.jpg.png\" data-link=\"http:\/\/51.38.238.108\/?attachment_id=226\" class=\"wp-image-226\" srcset=\"https:\/\/www.bousquelfreres.fr\/wp-content\/uploads\/2020\/11\/8-Couverture-Tuiles-Terre-cuite-Plein-Sud-APRES.jpg-1024x768.png 1024w, https:\/\/www.bousquelfreres.fr\/wp-content\/uploads\/2020\/11\/8-Couverture-Tuiles-Terre-cuite-Plein-Sud-APRES.jpg-300x225.png 300w, https:\/\/www.bousquelfreres.fr\/wp-content\/uploads\/2020\/11\/8-Couverture-Tuiles-Terre-cuite-Plein-Sud-APRES.jpg-768x576.png 768w, https:\/\/www.bousquelfreres.fr\/wp-content\/uploads\/2020\/11\/8-Couverture-Tuiles-Terre-cuite-Plein-Sud-APRES.jpg.png 1280w\" sizes=\"(max-width: 1024px) 100vw, 1024px\" \/><figcaption class=\"blocks-gallery-item__caption\">Couverture &#8211; Tuiles Terre cuite Plein Sud &#8211; APRES<\/figcaption><\/figure><\/li><li class=\"blocks-gallery-item\"><figure><img loading=\"lazy\" width=\"1024\" height=\"768\" src=\"http:\/\/51.38.238.108\/wp-content\/uploads\/2020\/11\/9-Couverture-Tuiles-terre-cuite-Mediane.JPG-1024x768.png\" alt=\"9 Couverture Tuiles terre cuite - M\u00e9diane\" data-id=\"227\" data-full-url=\"http:\/\/51.38.238.108\/wp-content\/uploads\/2020\/11\/9-Couverture-Tuiles-terre-cuite-Mediane.JPG.png\" data-link=\"http:\/\/51.38.238.108\/?attachment_id=227\" class=\"wp-image-227\" srcset=\"https:\/\/www.bousquelfreres.fr\/wp-content\/uploads\/2020\/11\/9-Couverture-Tuiles-terre-cuite-Mediane.JPG-1024x768.png 1024w, https:\/\/www.bousquelfreres.fr\/wp-content\/uploads\/2020\/11\/9-Couverture-Tuiles-terre-cuite-Mediane.JPG-300x225.png 300w, https:\/\/www.bousquelfreres.fr\/wp-content\/uploads\/2020\/11\/9-Couverture-Tuiles-terre-cuite-Mediane.JPG-768x576.png 768w, https:\/\/www.bousquelfreres.fr\/wp-content\/uploads\/2020\/11\/9-Couverture-Tuiles-terre-cuite-Mediane.JPG.png 1280w\" sizes=\"(max-width: 1024px) 100vw, 1024px\" \/><figcaption class=\"blocks-gallery-item__caption\">Couverture &#8211; Tuiles terre cuite &#8211; M\u00e9diane<\/figcaption><\/figure><\/li><li class=\"blocks-gallery-item\"><figure><img loading=\"lazy\" width=\"1024\" height=\"768\" src=\"http:\/\/51.38.238.108\/wp-content\/uploads\/2020\/11\/10-Couverture-Tuiles-terre-cuite-Mediane-11.5-m\u00b2.JPG-1024x768.png\" alt=\"10 Couverture Tuiles terre cuite M\u00e9diane - 11.5 m\u00b2\" data-id=\"228\" data-full-url=\"http:\/\/51.38.238.108\/wp-content\/uploads\/2020\/11\/10-Couverture-Tuiles-terre-cuite-Mediane-11.5-m\u00b2.JPG.png\" data-link=\"http:\/\/51.38.238.108\/?attachment_id=228\" class=\"wp-image-228\" srcset=\"https:\/\/www.bousquelfreres.fr\/wp-content\/uploads\/2020\/11\/10-Couverture-Tuiles-terre-cuite-Mediane-11.5-m\u00b2.JPG-1024x768.png 1024w, https:\/\/www.bousquelfreres.fr\/wp-content\/uploads\/2020\/11\/10-Couverture-Tuiles-terre-cuite-Mediane-11.5-m\u00b2.JPG-300x225.png 300w, https:\/\/www.bousquelfreres.fr\/wp-content\/uploads\/2020\/11\/10-Couverture-Tuiles-terre-cuite-Mediane-11.5-m\u00b2.JPG-768x576.png 768w, https:\/\/www.bousquelfreres.fr\/wp-content\/uploads\/2020\/11\/10-Couverture-Tuiles-terre-cuite-Mediane-11.5-m\u00b2.JPG.png 1280w\" sizes=\"(max-width: 1024px) 100vw, 1024px\" \/><figcaption class=\"blocks-gallery-item__caption\">Couverture &#8211; Tuiles terre cuite M\u00e9diane &#8211; 11.5 m\u00b2<\/figcaption><\/figure><\/li><li class=\"blocks-gallery-item\"><figure><img loading=\"lazy\" width=\"1024\" height=\"894\" src=\"http:\/\/51.38.238.108\/wp-content\/uploads\/2020\/11\/11-Couverture-tuile-Heritage-Canal-Terreal-Avec-pose-de-Velux-par-nos-soins.jpg-1024x894.png\" alt=\"11 Couverture tuile H\u00e9ritage Canal Terreal - Avec pose de V\u00e9lux par nos soins\" data-id=\"229\" data-full-url=\"http:\/\/51.38.238.108\/wp-content\/uploads\/2020\/11\/11-Couverture-tuile-Heritage-Canal-Terreal-Avec-pose-de-Velux-par-nos-soins.jpg.png\" data-link=\"http:\/\/51.38.238.108\/?attachment_id=229\" class=\"wp-image-229\" srcset=\"https:\/\/www.bousquelfreres.fr\/wp-content\/uploads\/2020\/11\/11-Couverture-tuile-Heritage-Canal-Terreal-Avec-pose-de-Velux-par-nos-soins.jpg-1024x894.png 1024w, https:\/\/www.bousquelfreres.fr\/wp-content\/uploads\/2020\/11\/11-Couverture-tuile-Heritage-Canal-Terreal-Avec-pose-de-Velux-par-nos-soins.jpg-300x262.png 300w, https:\/\/www.bousquelfreres.fr\/wp-content\/uploads\/2020\/11\/11-Couverture-tuile-Heritage-Canal-Terreal-Avec-pose-de-Velux-par-nos-soins.jpg-768x671.png 768w, https:\/\/www.bousquelfreres.fr\/wp-content\/uploads\/2020\/11\/11-Couverture-tuile-Heritage-Canal-Terreal-Avec-pose-de-Velux-par-nos-soins.jpg.png 1099w\" sizes=\"(max-width: 1024px) 100vw, 1024px\" \/><figcaption class=\"blocks-gallery-item__caption\">Couverture &#8211; tuile H\u00e9ritage Canal Terreal &#8211; Avec pose de V\u00e9lux par nos soins<\/figcaption><\/figure><\/li><li class=\"blocks-gallery-item\"><figure><img loading=\"lazy\" width=\"1024\" height=\"768\" src=\"http:\/\/51.38.238.108\/wp-content\/uploads\/2020\/11\/Photo-page-ouverture-site.jpg-1024x768.png\" alt=\"\" data-id=\"230\" data-full-url=\"http:\/\/51.38.238.108\/wp-content\/uploads\/2020\/11\/Photo-page-ouverture-site.jpg.png\" data-link=\"http:\/\/51.38.238.108\/?attachment_id=230\" class=\"wp-image-230\" srcset=\"https:\/\/www.bousquelfreres.fr\/wp-content\/uploads\/2020\/11\/Photo-page-ouverture-site.jpg-1024x768.png 1024w, https:\/\/www.bousquelfreres.fr\/wp-content\/uploads\/2020\/11\/Photo-page-ouverture-site.jpg-300x225.png 300w, https:\/\/www.bousquelfreres.fr\/wp-content\/uploads\/2020\/11\/Photo-page-ouverture-site.jpg-768x576.png 768w, https:\/\/www.bousquelfreres.fr\/wp-content\/uploads\/2020\/11\/Photo-page-ouverture-site.jpg.png 1280w\" sizes=\"(max-width: 1024px) 100vw, 1024px\" \/><\/figure><\/li><\/ul><\/figure>\n\n\n\n<h2>Couverture en ardoise<\/h2>\n\n\n\n<figure class=\"wp-block-gallery alignwide columns-3 is-cropped\"><ul class=\"blocks-gallery-grid\"><li class=\"blocks-gallery-item\"><figure><img loading=\"lazy\" width=\"720\" height=\"960\" src=\"http:\/\/51.38.238.108\/wp-content\/uploads\/2020\/11\/1-Ardoises-Realisation-support-dardoise-en-sapin-douglas-traite.jpg.png\" alt=\"1 Ardoises - R\u00e9alisation support d'ardoise en sapin douglas trait\u00e9\" data-id=\"231\" data-full-url=\"http:\/\/51.38.238.108\/wp-content\/uploads\/2020\/11\/1-Ardoises-Realisation-support-dardoise-en-sapin-douglas-traite.jpg.png\" data-link=\"http:\/\/51.38.238.108\/?attachment_id=231\" class=\"wp-image-231\" srcset=\"https:\/\/www.bousquelfreres.fr\/wp-content\/uploads\/2020\/11\/1-Ardoises-Realisation-support-dardoise-en-sapin-douglas-traite.jpg.png 720w, https:\/\/www.bousquelfreres.fr\/wp-content\/uploads\/2020\/11\/1-Ardoises-Realisation-support-dardoise-en-sapin-douglas-traite.jpg-225x300.png 225w\" sizes=\"(max-width: 720px) 100vw, 720px\" \/><figcaption class=\"blocks-gallery-item__caption\">Ardoises &#8211; R\u00e9alisation support d&rsquo;ardoise en sapin douglas trait\u00e9<\/figcaption><\/figure><\/li><li class=\"blocks-gallery-item\"><figure><img loading=\"lazy\" width=\"1024\" height=\"768\" src=\"http:\/\/51.38.238.108\/wp-content\/uploads\/2020\/11\/2-Pose-dune-Couverture-Ardoise-a-pureau-degressif-Ardoises-de-Dourgne-81.jpg-1024x768.png\" alt=\"2 Pose d'une Couverture Ardoise \u00e0 pureau d\u00e9gressif - Ardoises de Dourgne (81)\" data-id=\"232\" data-full-url=\"http:\/\/51.38.238.108\/wp-content\/uploads\/2020\/11\/2-Pose-dune-Couverture-Ardoise-a-pureau-degressif-Ardoises-de-Dourgne-81.jpg.png\" data-link=\"http:\/\/51.38.238.108\/?attachment_id=232\" class=\"wp-image-232\" srcset=\"https:\/\/www.bousquelfreres.fr\/wp-content\/uploads\/2020\/11\/2-Pose-dune-Couverture-Ardoise-a-pureau-degressif-Ardoises-de-Dourgne-81.jpg-1024x768.png 1024w, https:\/\/www.bousquelfreres.fr\/wp-content\/uploads\/2020\/11\/2-Pose-dune-Couverture-Ardoise-a-pureau-degressif-Ardoises-de-Dourgne-81.jpg-300x225.png 300w, https:\/\/www.bousquelfreres.fr\/wp-content\/uploads\/2020\/11\/2-Pose-dune-Couverture-Ardoise-a-pureau-degressif-Ardoises-de-Dourgne-81.jpg-768x576.png 768w, https:\/\/www.bousquelfreres.fr\/wp-content\/uploads\/2020\/11\/2-Pose-dune-Couverture-Ardoise-a-pureau-degressif-Ardoises-de-Dourgne-81.jpg.png 1280w\" sizes=\"(max-width: 1024px) 100vw, 1024px\" \/><figcaption class=\"blocks-gallery-item__caption\">Pose d&rsquo;une Couverture Ardoise \u00e0 pureau d\u00e9gressif &#8211; Ardoises de Dourgne (81)<\/figcaption><\/figure><\/li><li class=\"blocks-gallery-item\"><figure><img loading=\"lazy\" width=\"1024\" height=\"768\" src=\"http:\/\/51.38.238.108\/wp-content\/uploads\/2020\/11\/3-Couverture-Ardoise-Remplacement-dune-coiuverture-en-ardoises-calibrees.JPG-1024x768.png\" alt=\"3 Couverture Ardoise - Remplacement d'une coiuverture en ardoises calibr\u00e9es\" data-id=\"233\" data-full-url=\"http:\/\/51.38.238.108\/wp-content\/uploads\/2020\/11\/3-Couverture-Ardoise-Remplacement-dune-coiuverture-en-ardoises-calibrees.JPG.png\" data-link=\"http:\/\/51.38.238.108\/?attachment_id=233\" class=\"wp-image-233\" srcset=\"https:\/\/www.bousquelfreres.fr\/wp-content\/uploads\/2020\/11\/3-Couverture-Ardoise-Remplacement-dune-coiuverture-en-ardoises-calibrees.JPG-1024x768.png 1024w, https:\/\/www.bousquelfreres.fr\/wp-content\/uploads\/2020\/11\/3-Couverture-Ardoise-Remplacement-dune-coiuverture-en-ardoises-calibrees.JPG-300x225.png 300w, https:\/\/www.bousquelfreres.fr\/wp-content\/uploads\/2020\/11\/3-Couverture-Ardoise-Remplacement-dune-coiuverture-en-ardoises-calibrees.JPG-768x576.png 768w, https:\/\/www.bousquelfreres.fr\/wp-content\/uploads\/2020\/11\/3-Couverture-Ardoise-Remplacement-dune-coiuverture-en-ardoises-calibrees.JPG.png 1280w\" sizes=\"(max-width: 1024px) 100vw, 1024px\" \/><figcaption class=\"blocks-gallery-item__caption\">Couverture Ardoise &#8211; Remplacement d&rsquo;une coiuverture en ardoises calibr\u00e9es<\/figcaption><\/figure><\/li><li class=\"blocks-gallery-item\"><figure><img loading=\"lazy\" width=\"1024\" height=\"768\" src=\"http:\/\/51.38.238.108\/wp-content\/uploads\/2020\/11\/4-Couverture-Ardoises.JPG-1024x768.png\" alt=\"4 Couverture Ardoises\" data-id=\"234\" data-full-url=\"http:\/\/51.38.238.108\/wp-content\/uploads\/2020\/11\/4-Couverture-Ardoises.JPG.png\" data-link=\"http:\/\/51.38.238.108\/?attachment_id=234\" class=\"wp-image-234\" srcset=\"https:\/\/www.bousquelfreres.fr\/wp-content\/uploads\/2020\/11\/4-Couverture-Ardoises.JPG-1024x768.png 1024w, https:\/\/www.bousquelfreres.fr\/wp-content\/uploads\/2020\/11\/4-Couverture-Ardoises.JPG-300x225.png 300w, https:\/\/www.bousquelfreres.fr\/wp-content\/uploads\/2020\/11\/4-Couverture-Ardoises.JPG-768x576.png 768w, https:\/\/www.bousquelfreres.fr\/wp-content\/uploads\/2020\/11\/4-Couverture-Ardoises.JPG.png 1280w\" sizes=\"(max-width: 1024px) 100vw, 1024px\" \/><figcaption class=\"blocks-gallery-item__caption\">Couverture Ardoises<\/figcaption><\/figure><\/li><li class=\"blocks-gallery-item\"><figure><img loading=\"lazy\" width=\"1024\" height=\"768\" src=\"http:\/\/51.38.238.108\/wp-content\/uploads\/2020\/11\/5-Remplacement-Couverture-ardoises-de-Dourgne-81-Clocher-de-Blan.jpg-1024x768.png\" alt=\"5 Remplacement Couverture ardoises de Dourgne (81) - Clocher de Blan.\" data-id=\"235\" data-full-url=\"http:\/\/51.38.238.108\/wp-content\/uploads\/2020\/11\/5-Remplacement-Couverture-ardoises-de-Dourgne-81-Clocher-de-Blan.jpg.png\" data-link=\"http:\/\/51.38.238.108\/?attachment_id=235\" class=\"wp-image-235\" srcset=\"https:\/\/www.bousquelfreres.fr\/wp-content\/uploads\/2020\/11\/5-Remplacement-Couverture-ardoises-de-Dourgne-81-Clocher-de-Blan.jpg-1024x768.png 1024w, https:\/\/www.bousquelfreres.fr\/wp-content\/uploads\/2020\/11\/5-Remplacement-Couverture-ardoises-de-Dourgne-81-Clocher-de-Blan.jpg-300x225.png 300w, https:\/\/www.bousquelfreres.fr\/wp-content\/uploads\/2020\/11\/5-Remplacement-Couverture-ardoises-de-Dourgne-81-Clocher-de-Blan.jpg-768x576.png 768w, https:\/\/www.bousquelfreres.fr\/wp-content\/uploads\/2020\/11\/5-Remplacement-Couverture-ardoises-de-Dourgne-81-Clocher-de-Blan.jpg.png 1280w\" sizes=\"(max-width: 1024px) 100vw, 1024px\" \/><figcaption class=\"blocks-gallery-item__caption\">Remplacement Couverture ardoises de Dourgne (81) &#8211; Clocher de Blan<\/figcaption><\/figure><\/li><li class=\"blocks-gallery-item\"><figure><img loading=\"lazy\" width=\"1024\" height=\"768\" src=\"http:\/\/51.38.238.108\/wp-content\/uploads\/2020\/11\/6-Couverture-Ardoises-a-pureau-degressif-ecailles-Clocher-de-Blan.jpg-1024x768.png\" alt=\"6 Couverture Ardoises \u00e0 pureau d\u00e9gressif \u00e9cailles - Clocher de Blan\" data-id=\"236\" data-full-url=\"http:\/\/51.38.238.108\/wp-content\/uploads\/2020\/11\/6-Couverture-Ardoises-a-pureau-degressif-ecailles-Clocher-de-Blan.jpg.png\" data-link=\"http:\/\/51.38.238.108\/?attachment_id=236\" class=\"wp-image-236\" srcset=\"https:\/\/www.bousquelfreres.fr\/wp-content\/uploads\/2020\/11\/6-Couverture-Ardoises-a-pureau-degressif-ecailles-Clocher-de-Blan.jpg-1024x768.png 1024w, https:\/\/www.bousquelfreres.fr\/wp-content\/uploads\/2020\/11\/6-Couverture-Ardoises-a-pureau-degressif-ecailles-Clocher-de-Blan.jpg-300x225.png 300w, https:\/\/www.bousquelfreres.fr\/wp-content\/uploads\/2020\/11\/6-Couverture-Ardoises-a-pureau-degressif-ecailles-Clocher-de-Blan.jpg-768x576.png 768w, https:\/\/www.bousquelfreres.fr\/wp-content\/uploads\/2020\/11\/6-Couverture-Ardoises-a-pureau-degressif-ecailles-Clocher-de-Blan.jpg.png 1280w\" sizes=\"(max-width: 1024px) 100vw, 1024px\" \/><figcaption class=\"blocks-gallery-item__caption\">Couverture Ardoises \u00e0 pureau d\u00e9gressif \u00e9cailles &#8211; Clocher de Blan<\/figcaption><\/figure><\/li><li class=\"blocks-gallery-item\"><figure><img loading=\"lazy\" width=\"1024\" height=\"768\" src=\"http:\/\/51.38.238.108\/wp-content\/uploads\/2020\/11\/7-Couverture-Ardoises-Clocher-de-Blan-Finition-pose-plaques-en-plomb.jpg-1024x768.png\" alt=\"7 Couverture Ardoises - Clocher de Blan - Finition pose plaques en plomb\" data-id=\"237\" data-full-url=\"http:\/\/51.38.238.108\/wp-content\/uploads\/2020\/11\/7-Couverture-Ardoises-Clocher-de-Blan-Finition-pose-plaques-en-plomb.jpg.png\" data-link=\"http:\/\/51.38.238.108\/?attachment_id=237\" class=\"wp-image-237\" srcset=\"https:\/\/www.bousquelfreres.fr\/wp-content\/uploads\/2020\/11\/7-Couverture-Ardoises-Clocher-de-Blan-Finition-pose-plaques-en-plomb.jpg-1024x768.png 1024w, https:\/\/www.bousquelfreres.fr\/wp-content\/uploads\/2020\/11\/7-Couverture-Ardoises-Clocher-de-Blan-Finition-pose-plaques-en-plomb.jpg-300x225.png 300w, https:\/\/www.bousquelfreres.fr\/wp-content\/uploads\/2020\/11\/7-Couverture-Ardoises-Clocher-de-Blan-Finition-pose-plaques-en-plomb.jpg-768x576.png 768w, https:\/\/www.bousquelfreres.fr\/wp-content\/uploads\/2020\/11\/7-Couverture-Ardoises-Clocher-de-Blan-Finition-pose-plaques-en-plomb.jpg.png 1280w\" sizes=\"(max-width: 1024px) 100vw, 1024px\" \/><figcaption class=\"blocks-gallery-item__caption\">Couverture Ardoises &#8211; Clocher de Blan &#8211; Finition pose plaques en plomb<\/figcaption><\/figure><\/li><li class=\"blocks-gallery-item\"><figure><img loading=\"lazy\" width=\"720\" height=\"960\" src=\"http:\/\/51.38.238.108\/wp-content\/uploads\/2020\/11\/8-Couverture-Ardoises-a-pureau-degressif-de-Dourgne-81-Clocher-de-Blan.jpg.png\" alt=\"8 Couverture Ardoises \u00e0 pureau d\u00e9gressif de Dourgne (81) - Clocher de Blan\" data-id=\"238\" data-full-url=\"http:\/\/51.38.238.108\/wp-content\/uploads\/2020\/11\/8-Couverture-Ardoises-a-pureau-degressif-de-Dourgne-81-Clocher-de-Blan.jpg.png\" data-link=\"http:\/\/51.38.238.108\/?attachment_id=238\" class=\"wp-image-238\" srcset=\"https:\/\/www.bousquelfreres.fr\/wp-content\/uploads\/2020\/11\/8-Couverture-Ardoises-a-pureau-degressif-de-Dourgne-81-Clocher-de-Blan.jpg.png 720w, https:\/\/www.bousquelfreres.fr\/wp-content\/uploads\/2020\/11\/8-Couverture-Ardoises-a-pureau-degressif-de-Dourgne-81-Clocher-de-Blan.jpg-225x300.png 225w\" sizes=\"(max-width: 720px) 100vw, 720px\" \/><figcaption class=\"blocks-gallery-item__caption\">Couverture Ardoises \u00e0 pureau d\u00e9gressif de Dourgne (81) &#8211; Clocher de Blan<\/figcaption><\/figure><\/li><\/ul><\/figure>\n","protected":false},"excerpt":{"rendered":"<p>Couverture Tuiles terre cuite Couverture en ardoise<\/p>\n","protected":false},"author":1,"featured_media":0,"parent":0,"menu_order":0,"comment_status":"closed","ping_status":"closed","template":"","meta":[],"_links":{"self":[{"href":"https:\/\/www.bousquelfreres.fr\/index.php?rest_route=\/wp\/v2\/pages\/144"}],"collection":[{"href":"https:\/\/www.bousquelfreres.fr\/index.php?rest_route=\/wp\/v2\/pages"}],"about":[{"href":"https:\/\/www.bousquelfreres.fr\/index.php?rest_route=\/wp\/v2\/types\/page"}],"author":[{"embeddable":true,"href":"https:\/\/www.bousquelfreres.fr\/index.php?rest_route=\/wp\/v2\/users\/1"}],"replies":[{"embeddable":true,"href":"https:\/\/www.bousquelfreres.fr\/index.php?rest_route=%2Fwp%2Fv2%2Fcomments&post=144"}],"version-history":[{"count":6,"href":"https:\/\/www.bousquelfreres.fr\/index.php?rest_route=\/wp\/v2\/pages\/144\/revisions"}],"predecessor-version":[{"id":307,"href":"https:\/\/www.bousquelfreres.fr\/index.php?rest_route=\/wp\/v2\/pages\/144\/revisions\/307"}],"wp:attachment":[{"href":"https:\/\/www.bousquelfreres.fr\/index.php?rest_route=%2Fwp%2Fv2%2Fmedia&parent=144"}],"curies":[{"name":"wp","href":"https:\/\/api.w.org\/{rel}","templated":true}]}}